{"id":2960,"date":"2024-07-24T09:19:21","date_gmt":"2024-07-24T09:19:21","guid":{"rendered":"https:\/\/ngoclinhoptic.com\/kinh-ortho-k\/"},"modified":"2024-08-20T02:16:35","modified_gmt":"2024-08-20T02:16:35","slug":"ortho-k-lenses","status":"publish","type":"page","link":"https:\/\/ngoclinhoptic.com\/en\/ortho-k-lenses\/","title":{"rendered":"Ortho-K Lenses"},"content":{"rendered":"<section id=\"bt_section69e1e8c6448ea\"  class=\"boldSection btDivider topSemiSpaced bottomSemiSpaced btDarkSkin gutter inherit\" style=\"background-color:rgb(255,255,255);\"><div class=\"port\"><div class=\"boldCell\"><div class=\"boldCellInner\"><div class=\"boldRow  \" ><div class=\"boldRowInner\"><div class=\"rowItem col-md-12 col-ms-12  btTextLeft animate animate-fadein animate-moveleft inherit\"  ><div class=\"rowItemContent\" ><div class=\"btText\" ><\/p>\n<p><span style=\"color: #000000;\"><span style=\"font-weight: 400;\">V\u1edbi vi\u1ec7c ph\u00e1t tri\u1ec3n c\u1ee7a m\u1ea1ng x\u00e3 h\u1ed9i, c\u00e1c thi\u1ebft b\u1ecb th\u00f4ng minh \u0111\u01b0\u1ee3c ra \u0111\u1eddi nh\u01b0 \u0111i\u1ec7n tho\u1ea1i, m\u00e1y t\u00ednh b\u1ea3ng,&#8230; khi\u1ebfn cho t\u1eadt kh\u00fac x\u1ea1 C\u1eadn th\u1ecb ng\u00e0y c\u00e0ng t\u0103ng, \u0111\u1eb7c bi\u1ec7t l\u00e0 \u1edf tr\u1ebb em th\u00ec ch\u1ee7 \u0111\u1ec1 <\/span><b>Ki\u1ec3m so\u00e1t c\u1eadn th\u1ecb<\/b><span style=\"font-weight: 400;\"> ng\u00e0y c\u00e0ng \u0111\u01b0\u1ee3c nh\u1eafc \u0111\u1ebfn nhi\u1ec1u h\u01a1n. Trong \u0111\u00f3, <\/span><b>k\u00ednh \u00e1p tr\u00f2ng \u0111eo ban \u0111\u00eam Ortho-K<\/b><span style=\"font-weight: 400;\"> l\u00e0 m\u1ed9t trong nh\u1eefng ph\u01b0\u01a1ng ph\u00e1p hi\u1ec7u qu\u1ea3 v\u00e0 \u0111\u01b0\u1ee3c quan t\u00e2m h\u00e0ng \u0111\u1ea7u.<\/span><\/span><\/p>\n<p><span style=\"color: #000000;\"><b>K\u00cdNH \u00c1P TR\u00d2NG ORTHO-K L\u00c0 G\u00cc?<\/b><\/span><\/p>\n<p><span style=\"color: #000000;\"><img loading=\"lazy\" decoding=\"async\" class=\"size-medium wp-image-2744 aligncenter\" src=\"https:\/\/ngoclinhoptic.com\/wp-content\/uploads\/2024\/07\/bsilinh-320x127.png\" alt=\"\" width=\"320\" height=\"127\" srcset=\"https:\/\/ngoclinhoptic.com\/wp-content\/uploads\/2024\/07\/bsilinh-320x127.png 320w, https:\/\/ngoclinhoptic.com\/wp-content\/uploads\/2024\/07\/bsilinh.png 512w\" sizes=\"auto, (max-width: 320px) 100vw, 320px\" \/><\/span><\/p>\n<ul>\n<li style=\"font-weight: 400;\" aria-level=\"1\"><span style=\"color: #000000;\"><span style=\"font-weight: 400;\">Ortho-K hay c\u00f2n c\u00f3 t\u00ean \u0111\u1ea7y \u0111\u1ee7 l\u00e0 <\/span><b>Orthokeratology<\/b><span style=\"font-weight: 400;\">, \u0111\u01b0\u1ee3c bi\u1ebft \u0111\u1ebfn l\u00e0 m\u1ed9t ph\u01b0\u01a1ng ph\u00e1p \u0111i\u1ec1u ch\u1ec9nh t\u1eadt kh\u00fac x\u1ea1 c\u1eadn th\u1ecb, vi\u1ec5n th\u1ecb, lo\u1ea1n th\u1ecb ho\u1eb7c th\u1eadm ch\u00ed l\u00e0 l\u00e3o th\u1ecb.<\/span><\/span><\/li>\n<li style=\"font-weight: 400;\" aria-level=\"1\"><span style=\"font-weight: 400; color: #000000;\">L\u00e0 m\u1ed9t lo\u1ea1i k\u00ednh \u00e1p tr\u00f2ng c\u1ee9ng v\u1edbi thi\u1ebft k\u1ebf \u0111\u1eb7c bi\u1ec7t c\u00f3 t\u00e1c d\u1ee5ng ch\u1ec9nh h\u00ecnh gi\u00e1c m\u1ea1c, gi\u00fap khi \u0111eo v\u00e0o ban \u0111\u00eam (trong th\u1eddi gian ng\u1ee7 \u0111\u1ee7 t\u1eeb 6-8 ti\u1ebfng) v\u00e0 \u0111\u1ebfn s\u00e1ng h\u00f4m sau th\u00e1o ra ng\u01b0\u1eddi d\u00f9ng c\u00f3 th\u1ec3 nh\u00ecn r\u00f5 v\u1edbi th\u1ecb l\u1ef1c c\u1ea3i thi\u1ec7n m\u00e0 kh\u00f4ng c\u1ea7n ph\u1ea3i s\u1eed d\u1ee5ng th\u00eam k\u00ednh g\u1ecdng ho\u1eb7c b\u1ea5t k\u1ef3 lo\u1ea1i k\u00ednh \u00e1p tr\u00f2ng kh\u00e1c.<\/span><\/li>\n<\/ul>\n<p><span style=\"color: #000000;\"><b>C\u01a0 CH\u1ebe HO\u1ea0T \u0110\u1ed8NG C\u1ee6A K\u00cdNH \u00c1P TR\u00d2NG BAN \u0110\u00caM ORTHO-K<\/b><\/span><\/p>\n<ul>\n<li style=\"font-weight: 400;\" aria-level=\"1\"><span style=\"font-weight: 400; color: #000000;\">D\u01b0\u1edbi t\u00e1c \u0111\u1ed9ng c\u1ee7a mi m\u1eaft khi ng\u1ee7 (nh\u1eafm m\u1eaft) th\u00ec m\u1eb7t sau c\u1ee7a k\u00ednh Ortho-K s\u1ebd \u0111\u00e8 l\u00ean trung t\u00e2m c\u1ee7a gi\u00e1c m\u1ea1c t\u1eeb \u0111\u00f3 l\u00e0m ph\u1eb3ng m\u1ed9t ph\u1ea7n gi\u00e1c m\u1ea1c v\u00e0 \u0111i\u1ec1u ch\u1ec9nh m\u1ed9t l\u01b0\u1ee3ng ph\u00f9 h\u1ee3p v\u1edbi m\u1ee9c \u0111\u1ed9 c\u1eadn th\u1ecb, \u0111\u1ed9 c\u1eadn c\u00e0ng cao th\u00ec m\u1ee9c \u0111\u1ed9 c\u1ea7n \u0111\u1ec3 l\u00e0m ph\u1eb3ng gi\u00e1c m\u1ea1c c\u00e0ng l\u1edbn.<\/span><\/li>\n<li style=\"font-weight: 400;\" aria-level=\"1\"><span style=\"font-weight: 400; color: #000000;\">Do gi\u00e1c m\u1ea1c c\u00f3 t\u00ednh \u0111\u00e0n h\u1ed3i n\u00ean n\u1ebfu ng\u1eebng \u0111eo k\u00ednh Ortho-K th\u00ec \u0111\u1ed9 c\u1eadn l\u1ea1i tr\u1edf v\u1ec1 nh\u01b0 c\u0169 v\u00e0 c\u1ea7n ph\u1ea3i d\u00f9ng k\u00ednh g\u1ecdng ho\u1eb7c k\u00ednh \u00e1p tr\u00f2ng \u0111\u1ec3 c\u00f3 th\u1ec3 c\u1ea3i thi\u1ec7n th\u1ecb l\u1ef1c.<\/span><\/li>\n<\/ul>\n<p><span style=\"color: #000000;\"><img loading=\"lazy\" decoding=\"async\" class=\"size-medium wp-image-2742 aligncenter\" src=\"https:\/\/ngoclinhoptic.com\/wp-content\/uploads\/2024\/07\/cochehoatdong-320x168.png\" alt=\"\" width=\"320\" height=\"168\" srcset=\"https:\/\/ngoclinhoptic.com\/wp-content\/uploads\/2024\/07\/cochehoatdong-320x168.png 320w, https:\/\/ngoclinhoptic.com\/wp-content\/uploads\/2024\/07\/cochehoatdong.png 512w\" sizes=\"auto, (max-width: 320px) 100vw, 320px\" \/><\/span><\/p>\n<p><span style=\"color: #000000;\"><b>NH\u1eeeNG AI C\u00d3 TH\u1ec2 S\u1eec D\u1ee4NG K\u00cdNH \u00c1P TR\u00d2NG BAN \u0110\u00caM ORTHO-K?<\/b><\/span><\/p>\n<ul>\n<li style=\"font-weight: 400;\" aria-level=\"1\"><span style=\"color: #000000;\"><span style=\"font-weight: 400;\">Tr\u1ebb em t\u1eeb 6 tu\u1ed5i tr\u1edf l\u00ean m\u1eafc t\u1eadt kh\u00fac x\u1ea1<\/span> <i><span style=\"font-weight: 400;\">C\u1eadn th\u1ecb<\/span><\/i><i><span style=\"font-weight: 400;\">, <\/span><\/i><span style=\"font-weight: 400;\">\u0111\u1eb7c bi\u1ec7t l\u00e0 khi \u0111\u1ed9 c\u1eadn t\u0103ng nhanh.<\/span><\/span><\/li>\n<li style=\"font-weight: 400;\" aria-level=\"1\"><span style=\"font-weight: 400; color: #000000;\">Ng\u01b0\u1eddi l\u1edbn m\u1eafc c\u00e1c t\u1eadt kh\u00fac x\u1ea1 c\u1eadn th\u1ecb, lo\u1ea1n th\u1ecb, vi\u1ec5n th\u1ecb ho\u1eb7c l\u00e3o th\u1ecb kh\u00f4ng mu\u1ed1n s\u1eed d\u1ee5ng k\u00ednh g\u1ecdng ho\u1eb7c ph\u1eabu thu\u1eadt.<\/span><\/li>\n<li style=\"font-weight: 400;\" aria-level=\"1\"><span style=\"font-weight: 400; color: #000000;\">Tr\u1ebb em d\u01b0\u1edbi 18 tu\u1ed5i kh\u00f4ng mu\u1ed1n \u0111eo k\u00ednh g\u1ecdng nh\u01b0ng ch\u01b0a \u0111\u1ee7 tu\u1ed5i \u0111\u1ec3 m\u1ed5 c\u1eadn.<\/span><\/li>\n<li style=\"font-weight: 400;\" aria-level=\"1\"><span style=\"font-weight: 400; color: #000000;\">B\u1ec7nh nh\u00e2n kh\u00f4ng \u0111\u1ee7 \u0111i\u1ec1u ki\u1ec7n s\u1ee9c kh\u1ecfe \u0111\u1ec3 ph\u1eabu thu\u1eadt kh\u00fac x\u1ea1.<\/span><\/li>\n<li style=\"font-weight: 400;\" aria-level=\"1\"><span style=\"font-weight: 400; color: #000000;\">G\u1eb7p kh\u00f3 kh\u0103n ho\u1eb7c kh\u00f4ng tho\u1ea3i m\u00e1i v\u1edbi k\u00ednh g\u1ecdng\/ k\u00ednh \u00e1p tr\u00f2ng th\u00f4ng th\u01b0\u1eddng, \u0111\u1eb7c bi\u1ec7t l\u00e0 tr\u1ebb em ho\u1eb7c ng\u01b0\u1eddi l\u1edbn hay ch\u01a1i th\u1ec3 thao.<\/span><\/li>\n<\/ul>\n<p><span style=\"font-weight: 400; color: #000000;\">C\u1ea7n th\u0103m kh\u00e1m v\u00e0 \u0111\u01b0\u1ee3c b\u00e1c s\u0129 \u0111\u00e1nh gi\u00e1 tr\u1ef1c ti\u1ebfp s\u1ee9c kh\u1ecfe, b\u1ec1 m\u1eb7t c\u1ea5u tr\u00fac c\u1ee7a m\u1eaft, t\u1eeb \u0111\u00f3 \u0111\u01b0a ra ch\u1ec9 \u0111\u1ecbnh ph\u00f9 h\u1ee3p cho t\u1eebng c\u00e1 nh\u00e2n \u0111\u1ec3 c\u00f3 th\u1ec3 \u0111\u1ea1t \u0111\u01b0\u1ee3c k\u1ebft qu\u1ea3 t\u1ed1t nh\u1ea5t.<\/span><\/p>\n<p><span style=\"color: #000000;\"><b>L\u1ee2I \u00cdCH C\u1ee6A VI\u1ec6C S\u1eec D\u1ee4NG K\u00cdNH \u00c1P TR\u00d2NG ORTHO-K<\/b><\/span><\/p>\n<p><span style=\"color: #000000;\"><img loading=\"lazy\" decoding=\"async\" class=\"size-medium wp-image-2740 aligncenter\" src=\"https:\/\/ngoclinhoptic.com\/wp-content\/uploads\/2024\/07\/orthok-320x213.png\" alt=\"\" width=\"320\" height=\"213\" srcset=\"https:\/\/ngoclinhoptic.com\/wp-content\/uploads\/2024\/07\/orthok-320x213.png 320w, https:\/\/ngoclinhoptic.com\/wp-content\/uploads\/2024\/07\/orthok.png 512w\" sizes=\"auto, (max-width: 320px) 100vw, 320px\" \/><\/span><\/p>\n<p><span style=\"font-weight: 400; color: #000000;\">2 m\u1ee5c \u0111\u00edch ch\u00ednh th\u01b0\u1eddng \u0111\u01b0\u1ee3c nh\u1eafc \u0111\u1ebfn nhi\u1ec1u nh\u1ea5t \u1edf k\u00ednh \u00e1p tr\u00f2ng ban \u0111\u00eam Ortho-K ch\u00ednh l\u00e0:<\/span><\/p>\n<ul>\n<li style=\"list-style-type: none;\">\n<ul>\n<li style=\"font-weight: 400;\" aria-level=\"1\"><span style=\"color: #000000;\"><i><span style=\"font-weight: 400;\">\u0110i\u1ec1u ch\u1ec9nh t\u00ecnh tr\u1ea1ng m\u1edd m\u1eaft<\/span><\/i><span style=\"font-weight: 400;\"> do c\u00e1c t\u1eadt kh\u00fac x\u1ea1 b\u1eb1ng vi\u1ec7c tu\u00e2n th\u1ee7 \u0111eo k\u00ednh t\u1eeb 6 \u0111\u1ebfn 8 ti\u1ebfng trong l\u00fac ng\u1ee7, ng\u01b0\u1eddi d\u00f9ng c\u00f3 th\u1ec3 \u0111\u1ea1t \u0111\u01b0\u1ee3c th\u1ecb l\u1ef1c t\u1ed1t v\u00e0o ng\u00e0y h\u00f4m sau m\u00e0 kh\u00f4ng c\u1ea7n \u0111eo k\u00ednh g\u1ecdng ho\u1eb7c k\u00ednh \u00e1p tr\u00f2ng k\u00e8m theo.<\/span><\/span><\/li>\n<\/ul>\n<\/li>\n<\/ul>\n<ul>\n<li style=\"font-weight: 400;\" aria-level=\"1\"><span style=\"color: #000000;\"><i><span style=\"font-weight: 400;\">Ki\u1ec3m so\u00e1t c\u1eadn th\u1ecb<\/span><\/i><span style=\"font-weight: 400;\">, t\u1ee9c l\u00e0m ch\u1eadm qu\u00e1 tr\u00ecnh t\u0103ng tr\u01b0\u1edfng c\u1eadn th\u1ecb, \u0111\u1eb7c bi\u1ec7t l\u00e0 \u1edf tr\u1ebb nh\u1ecf kh\u1edfi ph\u00e1t c\u1eadn th\u1ecb s\u1edbm ho\u1eb7c c\u00f3 \u0111\u1ed9 c\u1eadn t\u0103ng nhanh theo th\u1eddi gian.\u00a0<\/span><\/span><\/li>\n<\/ul>\n<p><span style=\"font-weight: 400; color: #000000;\">Ngo\u00e0i ra, ph\u01b0\u01a1ng ph\u00e1p Ortho-K c\u00f2n mang l\u1ea1i nhi\u1ec1u l\u1ee3i \u00edch kh\u00e1c nh\u01b0:<\/span><\/p>\n<ul>\n<li style=\"font-weight: 400;\" aria-level=\"1\"><span style=\"font-weight: 400; color: #000000;\">Kh\u00f4ng b\u1ecb ph\u1ee5 thu\u1ed9c v\u00e0o c\u00e1i lo\u1ea1i k\u00ednh g\u1ecdng, k\u00ednh \u00e1p tr\u00f2ng th\u00f4ng th\u01b0\u1eddng.<\/span><\/li>\n<li style=\"font-weight: 400;\" aria-level=\"1\"><span style=\"font-weight: 400; color: #000000;\">Tho\u1ea3i m\u00e1i vui ch\u01a1i, v\u1eadn \u0111\u1ed9ng, tham gia c\u00e1c ho\u1ea1t \u0111\u1ed9ng th\u1ec3 d\u1ee5c th\u1ec3 thao m\u00e0 kh\u00f4ng ph\u1ea3i lo ng\u1ea1i vi\u1ec7c r\u01a1i r\u1edbt k\u00ednh g\u1ecdng\/ k\u00ednh \u00e1p tr\u00f2ng.<\/span><\/li>\n<li style=\"font-weight: 400;\" aria-level=\"1\"><span style=\"font-weight: 400; color: #000000;\">Ortho-K l\u00e0 m\u1ed9t ph\u01b0\u01a1ng ph\u00e1p ch\u1ee7 y\u1ebfu t\u00e1c \u0111\u1ed9ng tr\u00ean b\u1ec1 m\u1eb7t gi\u00e1c m\u1ea1c v\u00e0 c\u00f3 th\u1ec3 ph\u1ee5c h\u1ed3i ho\u00e0n to\u00e0n sau khi ng\u1eebng s\u1eed d\u1ee5ng k\u00ednh t\u1eeb kho\u1ea3ng 1 \u0111\u1ebfn 2 ng\u00e0y v\u00e0 n\u1ebfu \u0111\u1ee7 \u0111i\u1ec1u ki\u1ec7n v\u1eabn c\u00f3 th\u1ec3 ti\u1ebfn h\u00e0nh m\u1ed5 c\u1eadn.<\/span><\/li>\n<\/ul>\n<p><span style=\"color: #000000;\"><b>NH\u1eeeNG L\u01afU \u00dd KHI \u0110I\u1ec0U TR\u1eca B\u1eb0NG K\u00cdNH \u00c1P TR\u00d2NG BAN \u0110\u00caM ORTHO-K<\/b><\/span><\/p>\n<ul>\n<li style=\"font-weight: 400;\" aria-level=\"1\"><span style=\"font-weight: 400; color: #000000;\">Ch\u1ec9 s\u1eed d\u1ee5ng k\u00ednh khi \u0111i ng\u1ee7 \u0111\u1ec3 gi\u00fap \u0111i\u1ec1u ch\u1ec9nh l\u1ea1i b\u1ec1 m\u1eb7t gi\u00e1c m\u1ea1c d\u01b0\u1edbi t\u00e1c \u0111\u1ed9ng c\u1ee7a mi m\u1eaft, ch\u00ednh v\u00ec th\u1ebf m\u00e0 n\u00f3 c\u00f2n c\u00f3 t\u00ean g\u1ecdi kh\u00e1c l\u00e0 k\u00ednh \u00e1p tr\u00f2ng ban \u0111\u00eam.<\/span><\/li>\n<li style=\"font-weight: 400;\" aria-level=\"1\"><span style=\"font-weight: 400; color: #000000;\">M\u1ed9t v\u00e0i tr\u01b0\u1eddng h\u1ee3p s\u1ebd xu\u1ea5t hi\u1ec7n nh\u1eefng tri\u1ec7u ch\u1ee9ng c\u1ee7a vi\u1ec7c s\u1eed d\u1ee5ng k\u00ednh \u00e1p tr\u00f2ng nh\u01b0: kh\u00f4 m\u1eaft, ch\u1ea3y n\u01b0\u1edbc m\u1eaft, \u0111\u1ecf c\u1ed9m,&#8230; ho\u1eb7c c\u00f3 th\u1ec3 tr\u1ea7y x\u01b0\u1edbc\/ vi\u00eam gi\u00e1c m\u1ea1c. Tuy nhi\u00ean Ortho-K \u0111\u00e3 \u0111\u01b0\u1ee3c ch\u1ee9ng minh l\u00e0 m\u1ed9t ph\u01b0\u01a1ng ph\u00e1p an to\u00e0n v\u00e0 hi\u1ec7u qu\u1ea3, n\u00ean n\u1ebfu tu\u00e2n th\u1ee7 nghi\u00eam t\u00fac vi\u1ec7c v\u1ec7 sinh c\u0169ng nh\u01b0 b\u1ea3o qu\u1ea3n k\u00ednh v\u00e0 t\u00e1i kh\u00e1m \u0111\u1ecbnh k\u1ef3 th\u00ec nguy c\u01a1 vi\u00eam nhi\u1ec5m s\u1ebd r\u1ea5t th\u1ea5p.<\/span><\/li>\n<li style=\"font-weight: 400;\" aria-level=\"1\"><span style=\"font-weight: 400; color: #000000;\">\u0110eo k\u00ednh Ortho-K kh\u00f4ng h\u1ebft \u0111\u1ed9 c\u1eadn v\u0129nh vi\u1ec5n, ng\u01b0ng s\u1eed d\u1ee5ng k\u00ednh m\u1ed7i ng\u00e0y c\u00f3 th\u1ec3 khi\u1ebfn \u0111\u1ed9 c\u1eadn tr\u1edf l\u1ea1i b\u00ecnh th\u01b0\u1eddng. Tuy nhi\u00ean k\u00ednh mang l\u1ea1i hi\u1ec7u qu\u1ea3 t\u1ed1t trong vi\u1ec7c ki\u1ec3m so\u00e1t ti\u1ebfn tri\u1ec3n c\u1eadn th\u1ecb, \u0111\u1eb7c bi\u1ec7t \u1edf tr\u1ebb nh\u1ecf.<\/span><\/li>\n<li style=\"font-weight: 400;\" aria-level=\"1\"><span style=\"font-weight: 400; color: #000000;\">K\u00ednh \u00e1p tr\u00f2ng ban \u0111\u00eam Ortho-K c\u0169ng c\u1ea7n \u0111\u01b0\u1ee3c thay m\u1edbi, tu\u1ed5i th\u1ecd k\u00ednh c\u00f3 th\u1ec3 k\u00e9o d\u00e0i t\u1eeb 2 \u0111\u1ebfn 4 n\u0103m n\u1ebfu \u0111\u01b0\u1ee3c gi\u1eef g\u00ecn v\u00e0 tu\u00e2n th\u1ee7 nghi\u00eam t\u00fac kh\u00e2u v\u1ec7 sinh nh\u01b0ng t\u1ed1t nh\u1ea5t v\u1eabn n\u00ean thay 2 n\u0103m 1 l\u1ea7n \u0111\u1ec3 h\u1ea1n ch\u1ebf t\u00ecnh tr\u1ea1ng vi\u00eam nhi\u1ec5m.<\/span><\/li>\n<\/ul>\n<p><span style=\"color: #000000;\"><b>NH\u1eeeNG AI KH\u00d4NG \u0110\u01af\u1ee2C CH\u1ec8 \u0110\u1ecaNH K\u00cdNH \u00c1P TR\u00d2NG BAN \u0110\u00caM ORTHO-K<\/b><\/span><\/p>\n<ul>\n<li style=\"font-weight: 400;\" aria-level=\"1\"><span style=\"font-weight: 400; color: #000000;\">C\u00f3 b\u1ea5t th\u01b0\u1eddng v\u1ec1 c\u1ea5u tr\u00fac gi\u1ea3i ph\u1eabu c\u1ee7a gi\u00e1c m\u1ea1c, k\u1ebft m\u1ea1c ho\u1eb7c mi m\u1eaft.<\/span><\/li>\n<li style=\"font-weight: 400;\" aria-level=\"1\"><span style=\"font-weight: 400; color: #000000;\">B\u1ec7nh nh\u00e2n m\u1eafc b\u1ec7nh gi\u00e1c m\u1ea1c ch\u00f3p.<\/span><\/li>\n<li style=\"font-weight: 400;\" aria-level=\"1\"><span style=\"font-weight: 400; color: #000000;\">B\u1ec7nh nh\u00e2n \u0111ang m\u1eafc c\u00e1c b\u1ec7nh v\u1ec1 b\u00e1n ph\u1ea7n tr\u01b0\u1edbc c\u1ee7a m\u1eaft nh\u01b0 vi\u00eam nhi\u1ec5m, kh\u00f4 m\u1eaft n\u1eb7ng\/ k\u00e9o d\u00e0i,&#8230;<\/span><\/li>\n<li style=\"font-weight: 400;\" aria-level=\"1\"><span style=\"font-weight: 400; color: #000000;\">B\u1ec7nh nh\u00e2n kh\u00f4ng th\u1ec3 tu\u00e2n th\u1ee7 c\u00e1c ch\u1ec9 \u0111\u1ecbnh, h\u01b0\u1edbng d\u1eabn c\u1ee7a b\u00e1c s\u0129 v\u00e0 l\u1ecbch ki\u1ec3m tra \u0111\u1ecbnh k\u1ef3.<\/span><\/li>\n<li style=\"font-weight: 400;\" aria-level=\"1\"><span style=\"font-weight: 400; color: #000000;\">B\u1ec7nh nh\u00e2n \u0111\u00e3 t\u1eebng ph\u1eabu thu\u1eadt kh\u00fac x\u1ea1.<\/span><\/li>\n<\/ul>\n<p><span style=\"font-weight: 400; color: #000000;\">Ortho-K l\u00e0 m\u1ed9t ph\u01b0\u01a1ng ph\u00e1p ti\u00ean ti\u1ebfn trong ki\u1ec3m so\u00e1t c\u1eadn th\u1ecb, \u0111\u00e3 \u0111\u01b0\u1ee3c tin d\u00f9ng b\u1edfi nhi\u1ec1u b\u00e1c s\u0129 v\u00e0 chuy\u00ean gia tr\u00ean kh\u1eafp th\u1ebf gi\u1edbi. \u0110\u1ed3ng th\u1eddi \u0111\u01b0\u1ee3c C\u1ee5c qu\u1ea3n l\u00fd Th\u1ef1c ph\u1ea9m v\u00e0 D\u01b0\u1ee3c ph\u1ea9m Hoa K\u1ef3 (FDA) ch\u1ee9ng nh\u1eadn an to\u00e0n v\u00e0 hi\u1ec7u qu\u1ea3. Vi\u1ec7c th\u0103m kh\u00e1m \u0111\u1ea7y \u0111\u1ee7 v\u1edbi c\u00e1c b\u00e1c s\u0129, chuy\u00ean gia v\u1ec1 M\u1eaft k\u1ebft h\u1ee3p v\u1edbi c\u00e1c thi\u1ebft b\u1ecb hi\u1ec7n \u0111\u1ea1i l\u00e0 ho\u00e0n to\u00e0n c\u1ea7n thi\u1ebft \u0111\u1ec3 \u0111\u01b0a ra ch\u1ec9 \u0111\u1ecbnh v\u1ec1 vi\u1ec7c s\u1eed d\u1ee5ng k\u00ednh \u00e1p tr\u00f2ng ban \u0111\u00eam Ortho-K v\u00e0 ng\u01b0\u1eddi d\u00f9ng c\u1ea7n ph\u1ea3i c\u00f3 \u0111\u1ea7y \u0111\u1ee7 tinh th\u1ea7n, tr\u00e1ch nhi\u1ec7m \u0111\u1ec3 tu\u00e2n th\u1ee7 ch\u1eb7t ch\u1ebd c\u00e1c h\u01b0\u1edbng d\u1eabn \u0111\u01b0\u1ee3c \u0111\u01b0a ra.<\/span><\/p>\n<p>\n<\/div><\/div><\/div><\/div><\/div><\/div><\/div><\/div><\/section>\n","protected":false},"excerpt":{"rendered":"","protected":false},"author":1,"featured_media":0,"parent":0,"menu_order":0,"comment_status":"closed","ping_status":"closed","template":"","meta":{"_acf_changed":false,"footnotes":""},"class_list":["post-2960","page","type-page","status-publish","hentry"],"acf":[],"_links":{"self":[{"href":"https:\/\/ngoclinhoptic.com\/en\/wp-json\/wp\/v2\/pages\/2960","targetHints":{"allow":["GET"]}}],"collection":[{"href":"https:\/\/ngoclinhoptic.com\/en\/wp-json\/wp\/v2\/pages"}],"about":[{"href":"https:\/\/ngoclinhoptic.com\/en\/wp-json\/wp\/v2\/types\/page"}],"author":[{"embeddable":true,"href":"https:\/\/ngoclinhoptic.com\/en\/wp-json\/wp\/v2\/users\/1"}],"replies":[{"embeddable":true,"href":"https:\/\/ngoclinhoptic.com\/en\/wp-json\/wp\/v2\/comments?post=2960"}],"version-history":[{"count":1,"href":"https:\/\/ngoclinhoptic.com\/en\/wp-json\/wp\/v2\/pages\/2960\/revisions"}],"predecessor-version":[{"id":2968,"href":"https:\/\/ngoclinhoptic.com\/en\/wp-json\/wp\/v2\/pages\/2960\/revisions\/2968"}],"wp:attachment":[{"href":"https:\/\/ngoclinhoptic.com\/en\/wp-json\/wp\/v2\/media?parent=2960"}],"curies":[{"name":"wp","href":"https:\/\/api.w.org\/{rel}","templated":true}]}}