{"id":2944,"date":"2015-12-02T09:21:30","date_gmt":"2015-12-02T09:21:30","guid":{"rendered":"https:\/\/ngoclinhoptic.com\/cau-hoi-thuong-gap\/"},"modified":"2024-08-20T01:52:03","modified_gmt":"2024-08-20T01:52:03","slug":"faq","status":"publish","type":"page","link":"https:\/\/ngoclinhoptic.com\/en\/faq\/","title":{"rendered":"FAQ"},"content":{"rendered":"<p><section id=\"bt_section69e1e8a3d39a5\"  class=\"boldSection btDivider topSemiSpaced bottomSemiSpaced btDarkSkin gutter inherit wBackground cover\" style=\"background-color:#0da8bc;background-image:url('https:\/\/ngoclinhoptic.com\/wp-content\/uploads\/2018\/03\/bgn-surgery-07.jpg');\"><div class=\"port\"><div class=\"boldCell\"><div class=\"boldCellInner\"><div class=\"boldRow  \" ><div class=\"boldRowInner\"><div class=\"rowItem col-md-8 col-ms-12 btTextLeft animate animate-fadein animate-moveleft inherit\"  ><div class=\"rowItemContent\" ><div class=\"btClear btSeparator topExtraSmallSpaced bottomExtraSmallSpaced noBorder\" ><hr><\/div><header class=\"header btClear extralarge btDash bottomDash  btAlternateDash\" ><div class=\"btSuperTitle\">Gi\u1ea3i \u0111\u00e1p<\/div><div class=\"dash\"><h1><span class=\"headline\">C\u00e2u h\u1ecfi th\u01b0\u1eddng g\u1eb7p<\/span><\/h1><\/div><div class=\"btSubTitle\">N\u1ebfu c\u00f3 th\u1eafc m\u1eafc c\u1ea7n gi\u1ea3i \u0111\u00e1p g\u1ea5p, vui l\u00f2ng li\u00ean h\u1ec7 hotline Ph\u00f2ng Kh\u00e1m (0913.883.681 &#8211; 0901.728.681) \u0111\u1ec3 \u0111\u01b0\u1ee3c t\u01b0 v\u1ea5n k\u1ecbp th\u1eddi.<\/div><\/header><\/div><\/div><div class=\"rowItem col-md-4 col-ms-12 btTextLeft\"  ><div class=\"rowItemContent\" ><\/div><\/div><\/div><\/div><\/div><\/div><\/div><\/section><section id=\"bt_section69e1e8a3d3de5\"  class=\"boldSection topSpaced bottomSpaced gutter inherit\" ><div class=\"port\"><div class=\"boldCell\"><div class=\"boldCellInner\"><div class=\"boldRow  \" ><div class=\"boldRowInner\"><div class=\"rowItem col-md-8 col-ms-12 btTextLeft animate animate-fadein inherit\"  ><div class=\"rowItemContent\" ><header class=\"header btClear extralarge btDash bottomDash  btAccentDash\" ><div class=\"dash\"><h1><span class=\"headline\">Th\u1eafc m\u1eafc<br \/><br><strong class=\"animate\">t\u1eeb kh\u00e1ch h\u00e0ng<\/strong><\/span><\/h1><\/div><div class=\"btSubTitle\">N\u1ebfu c\u00f3 th\u1eafc m\u1eafc c\u1ea7n gi\u1ea3i \u0111\u00e1p g\u1ea5p, vui l\u00f2ng li\u00ean h\u1ec7 hotline Ph\u00f2ng Kh\u00e1m (0913.883.681 &#8211; 0901.728.681) \u0111\u1ec3 \u0111\u01b0\u1ee3c t\u01b0 v\u1ea5n k\u1ecbp th\u1eddi.<\/div><\/header><div class=\"btClear btSeparator bottomSemiSpaced noBorder\" ><hr><\/div><\/div><\/div><div class=\"rowItem col-md-4 col-ms-12 btTextLeft\"  ><div class=\"rowItemContent\" ><\/div><\/div><\/div><\/div><div class=\"boldRow  \" ><div class=\"boldRowInner\"><div class=\"rowItem col-md-6 col-sm-12 btTextLeft animate animate-fadein inherit\"  ><div class=\"rowItemContent\" ><div class=\"bpgPhoto btTextCenter\" ><div class=\"btImage\"><img decoding=\"async\" src=\"https:\/\/ngoclinhoptic.com\/wp-content\/uploads\/2024\/06\/MG_5307.jpg\" alt=\"\" title=\"\"><\/div><\/div><div class=\"btClear btSeparator bottomSemiSpaced noBorder\" ><hr><\/div><\/div><\/div><div class=\"rowItem col-md-6 col-sm-12 btTextLeft animate animate-fadein btMiddleVertical\"  ><div class=\"rowItemContent\" ><div class=\"btTabs tabsVertical \" \" data-open-first=\"\"><ul class=\"tabsHeader\"><li><span>Th\u1ee7 t\u1ee5c kh\u00e1m-ch\u1eefa b\u1ec7nh<\/span><\/li><li><span>Kinh nghi\u1ec7m ch\u1eefa tr\u1ecb<\/span><\/li><li><span>N\u0103ng l\u1ef1c \u0111\u1ed9i ng\u0169 nh\u00e2n vi\u00ean<\/span><\/li><li><span>M\u1ea5t bao l\u00e2u \u0111\u1ec3 ph\u1ee5c h\u1ed3i sau ph\u1eabu thu\u1eadt<\/span><\/li><li><span>C\u00e1ch \u0111\u1eb7t l\u1ecbch kh\u00e1m online<\/span><\/li><li><span>C\u00e1ch \u0111\u1eb7t l\u1ecbch kh\u00e1m online<\/span><\/li><\/ul><div class=\"tabPanes accordionPanes\"><div class=\"tabPane\">\r\n\t\t\t<div class=\"tabAccordionTitle\"><span>Th\u1ee7 t\u1ee5c kh\u00e1m-ch\u1eefa b\u1ec7nh<\/span><\/div>\r\n\t\t\t<div class=\"tabAccordionContent\"><\/p>\n<p>N\u1ed9i dung \u0111ang c\u1eadp nh\u1eadt&#8230;<\/p>\n<p>\n<\/div>\r\n\t\t<\/div><div class=\"tabPane\">\r\n\t\t\t<div class=\"tabAccordionTitle\"><span>Kinh nghi\u1ec7m ch\u1eefa tr\u1ecb<\/span><\/div>\r\n\t\t\t<div class=\"tabAccordionContent\"><\/p>\n<p>N\u1ed9i dung \u0111ang c\u1eadp nh\u1eadt&#8230;<\/p>\n<p>\n<\/div>\r\n\t\t<\/div><div class=\"tabPane\">\r\n\t\t\t<div class=\"tabAccordionTitle\"><span>N\u0103ng l\u1ef1c \u0111\u1ed9i ng\u0169 nh\u00e2n vi\u00ean<\/span><\/div>\r\n\t\t\t<div class=\"tabAccordionContent\"><\/p>\n<p>N\u1ed9i dung \u0111ang c\u1eadp nh\u1eadt&#8230;<\/p>\n<p>\n<\/div>\r\n\t\t<\/div><div class=\"tabPane\">\r\n\t\t\t<div class=\"tabAccordionTitle\"><span>M\u1ea5t bao l\u00e2u \u0111\u1ec3 ph\u1ee5c h\u1ed3i sau ph\u1eabu thu\u1eadt<\/span><\/div>\r\n\t\t\t<div class=\"tabAccordionContent\"><\/p>\n<p>N\u1ed9i dung \u0111ang c\u1eadp nh\u1eadt&#8230;<\/p>\n<p>\n<\/div>\r\n\t\t<\/div><div class=\"tabPane\">\r\n\t\t\t<div class=\"tabAccordionTitle\"><span>C\u00e1ch \u0111\u1eb7t l\u1ecbch kh\u00e1m online<\/span><\/div>\r\n\t\t\t<div class=\"tabAccordionContent\"><\/p>\n<p>\u0110\u1ec3 \u0111\u1eb7t l\u1ecbch h\u1eb9n kh\u00e1m, qu\u00fd kh\u00e1ch c\u00f3 th\u1ec3 li\u00ean h\u1ec7 qua c\u00e1c k\u00eanh th\u00f4ng tin sau:<\/p>\n<p>T\u01b0 v\u1ea5n chuy\u00ean m\u00f4n: <span style=\"color: #0000ff;\"><a style=\"color: #0000ff;\" href=\"tel: 0913.883.681\">0913.883.681<\/a><\/span><br \/>\n\u0110\u1eb7t h\u1eb9n: <span style=\"color: #0000ff;\"><a style=\"color: #0000ff;\" href=\"tel: 0901.728.681\">0901.728.681<\/a><\/span><\/p>\n<p>Email: htnlinh@gmail.com<\/p>\n<p>\n<\/div>\r\n\t\t<\/div><div class=\"tabPane\">\r\n\t\t\t<div class=\"tabAccordionTitle\"><span>C\u00e1ch \u0111\u1eb7t l\u1ecbch kh\u00e1m online<\/span><\/div>\r\n\t\t\t<div class=\"tabAccordionContent\"><\/p>\n<p>\u0110\u1ec3 \u0111\u1eb7t l\u1ecbch h\u1eb9n kh\u00e1m, qu\u00fd kh\u00e1ch c\u00f3 th\u1ec3 li\u00ean h\u1ec7 qua c\u00e1c k\u00eanh th\u00f4ng tin sau:<\/p>\n<p>T\u01b0 v\u1ea5n chuy\u00ean m\u00f4n: <span style=\"color: #0000ff;\"><a style=\"color: #0000ff;\" href=\"tel: 0913.883.681\">0913.883.681<\/a><\/span><br \/>\n\u0110\u1eb7t h\u1eb9n: <span style=\"color: #0000ff;\"><a style=\"color: #0000ff;\" href=\"tel: 0901.728.681\">0901.728.681<\/a><\/span><\/p>\n<p>Email: htnlinh@gmail.com<\/p>\n<p>\n<\/div>\r\n\t\t<\/div><\/div><\/div><div class=\"btClear btSeparator bottomSemiSpaced noBorder\" ><hr><\/div><\/div><\/div><\/div><\/div><div class=\"boldRow  \" ><div class=\"boldRowInner\"><div class=\"rowItem col-md-12 col-ms-12  btTextLeft animate animate-fadein inherit\"  ><div class=\"rowItemContent\" ><div class=\"btClear btSeparator topSmallSpaced bottomSpaced border\" ><hr><\/div><\/div><\/div><\/div><\/div><div class=\"boldRow  \" ><div class=\"boldRowInner\"><div class=\"rowItem col-md-6 col-sm-12 btTextLeft animate animate-fadein btMiddleVertical\"  ><div class=\"rowItemContent\" ><div class=\"btTabs tabsVertical \" \" data-open-first=\"\"><ul class=\"tabsHeader\"><li><span>Ch\u00fang t\u00f4i l\u00e0 ai?<\/span><\/li><li><span>Ch\u00fang t\u00f4i v\u1eadn h\u00e0nh nh\u01b0 th\u1ebf n\u00e0o?<\/span><\/li><li><span>Th\u1eddi gian l\u00e0m vi\u1ec7c<\/span><\/li><\/ul><div class=\"tabPanes accordionPanes\"><div class=\"tabPane\">\r\n\t\t\t<div class=\"tabAccordionTitle\"><span>Ch\u00fang t\u00f4i l\u00e0 ai?<\/span><\/div>\r\n\t\t\t<div class=\"tabAccordionContent\"><\/p>\n<p>Ph\u00f2ng Kh\u00e1m Chuy\u00ean Khoa M\u1eaft Ng\u1ecdc Linh \u0111\u01b0\u1ee3c th\u00e0nh l\u1eadp n\u0103m 2008 (Gi\u1ea5y ph\u00e9p s\u1ed1: 01531\/HCM-GPH\u0110) do B\u00e1c s\u0129 CKII Hu\u1ef3nh Th\u1ecb Ng\u1ecdc Linh ph\u1ee5 tr\u00e1ch. chuy\u00ean kh\u00e1m v\u00e0 \u0111i\u1ec1u tr\u1ecb c\u00e1c b\u1ec7nh li\u00ean quan \u0111\u1ebfn m\u1eaft, t\u1eadt kh\u00fac x\u1ea1 (c\u1eadn,vi\u1ec5n, lo\u1ea1n, l\u00e3o th\u1ecb) v\u00e0 t\u01b0 v\u1ea5n chuy\u00ean s\u00e2u v\u1ec1 ph\u1eabu thu\u1eadt phaco \u0111i\u1ec1u tr\u1ecb \u0111\u1ee5c th\u1ee7y tinh th\u1ec3 (c\u01b0\u1eddm kh\u00f4), ph\u1eabu thu\u1eadt \u0111i\u1ec1u tr\u1ecb glaucoma (c\u01b0\u1eddm n\u01b0\u1edbc) ph\u1eabu thu\u1eadt l\u00e9, Lasik \u0111i\u1ec1u tr\u1ecb c\u1eadn th\u1ecb, v\u00e0 c\u00e1c lo\u1ea1i ph\u1eabu thu\u1eadt kh\u00e1c v\u1ec1 m\u1eaft.<\/p>\n<p>\n<\/div>\r\n\t\t<\/div><div class=\"tabPane\">\r\n\t\t\t<div class=\"tabAccordionTitle\"><span>Ch\u00fang t\u00f4i v\u1eadn h\u00e0nh nh\u01b0 th\u1ebf n\u00e0o?<\/span><\/div>\r\n\t\t\t<div class=\"tabAccordionContent\"><\/p>\n<p>Cung c\u1ea5p d\u1ecbch v\u1ee5 b\u00e1c s\u0129 1:1 theo nhu c\u1ea7u, mong mu\u1ed1n c\u1ee7a qu\u00fd kh\u00e1ch. Theo d\u00f5i s\u00e1t sao b\u1ec7nh t\u00ecnh, \u0111\u01b0a ra nh\u1eefng gi\u1ea3i ph\u00e1p h\u1ee3p l\u00fd v\u00e0 k\u1ecbp th\u1eddi.<\/p>\n<p>\n<\/div>\r\n\t\t<\/div><div class=\"tabPane\">\r\n\t\t\t<div class=\"tabAccordionTitle\"><span>Th\u1eddi gian l\u00e0m vi\u1ec7c<\/span><\/div>\r\n\t\t\t<div class=\"tabAccordionContent\"><\/p>\n<p>\u0110\u1ecba ch\u1ec9: S\u1ed1 6, \u0110\u01b0\u1eddng S\u1ed1 4, KP5, P. An L\u1ea1c A, Qu\u1eadn B\u00ecnh T\u00e2n, TP. HCM<br \/>\nTh\u1eddi gian:<br \/>\nTh\u1ee9 2 \u2013 Th\u1ee9 4 \u2013 Th\u1ee9 6: 17h30 \u2013 20h00<br \/>\nTh\u1ee9 3, Th\u1ee9 5, Th\u1ee9 7, CN V\u00e0 Ng\u00e0y L\u1ec5: Ngh\u1ec9<\/p>\n<p>\n<\/div>\r\n\t\t<\/div><\/div><\/div><div class=\"btClear btSeparator bottomSemiSpaced noBorder\" ><hr><\/div><\/div><\/div><div class=\"rowItem col-md-6 col-sm-12 btTextLeft animate animate-fadein inherit\"  ><div class=\"rowItemContent\" ><div class=\"bpgPhoto btTextCenter\" ><div class=\"btImage\"><img decoding=\"async\" src=\"https:\/\/ngoclinhoptic.com\/wp-content\/uploads\/2015\/12\/shutterstock_159016388.jpg\" alt=\"\" title=\"\"><\/div><\/div><div class=\"btClear btSeparator bottomSemiSpaced noBorder\" ><hr><\/div><\/div><\/div><\/div><\/div><\/div><\/div><\/div><\/section><section id=\"bt_section69e1e8a3d698d\"  class=\"boldSection topSpaced bottomSpaced gutter inherit custom-title-faq\" style=\"background: linear-gradient(135deg, #F1F1F1 0%,#FFFFFF 50%);\"><div class=\"port\"><div class=\"boldCell\"><div class=\"boldCellInner\"><div class=\"boldRow  \" ><div class=\"boldRowInner\"><div class=\"rowItem col-md-6 col-sm-12 btTextLeft animate animate-fadein inherit btDoublePadding\" style=\"padding-left: 0; margin-left: -15px;\" ><div class=\"rowItemContent\" ><header class=\"header btClear extralarge btDash bottomDash custom-sc-faq btAccentDash\" ><div class=\"dash\"><h1><span class=\"headline\"><strong class=\"animate\">Li\u00ean h\u1ec7 ngay<\/strong><\/span><\/h1><\/div><div class=\"btSubTitle\">\u0110\u1ed9i ng\u0169 y b\u00e1c s\u0129 lu\u00f4n trong tr\u1ea1ng th\u00e1i s\u1eb5n s\u00e0ng tr\u01b0\u1edbc m\u1ecdi t\u00ecnh hu\u1ed1ng. T\u00e1c phong, thao t\u00e1c nhanh nh\u1eb9n, g\u1ecdn g\u00e0ng lu\u00f4n chu\u1ea9n b\u1ecb cho m\u1ecdi ca b\u1ec7nh.<\/div><\/header><div class=\"btClear btSeparator bottomSemiSpaced noBorder\" ><hr><\/div><\/div><\/div><div class=\"rowItem btLeftBorder col-md-2  col-sm-4 col-ms-12 btTextCenter animate animate-fadein inherit\"  ><div class=\"rowItemContent\" ><div class=\"btClear btSeparator bottomSmallSpaced noBorder\" ><hr><\/div><div class=\"btIconImageRow\" ><span class=\"btIco btIcoDefaultType btIcoBigSize btIcoAlterColor   \" ><span  data-ico-hs=\"&#xe91f;\" class=\"btIcoHolder\"><em><\/em><\/span><\/span><\/div><div class=\"btClear btSeparator bottomSmallSpaced noBorder\" ><hr><\/div><header class=\"header btClear medium  btNormalDash\" ><div class=\"dash\"><h3><span class=\"headline\">\u0110\u1ecba ch\u1ec9<\/span><\/h3><\/div><div class=\"btSubTitle\">S\u1ed1 6, \u0110\u01b0\u1eddng S\u1ed1 4, KP5, P. An L\u1ea1c A, Qu\u1eadn B\u00ecnh T\u00e2n, TP. HCM<\/div><\/header><div class=\"btClear btSeparator bottomSmallSpaced noBorder\" ><hr><\/div><\/div><\/div><div class=\"rowItem btLeftBorder col-md-2  col-sm-4 col-ms-12 btTextCenter animate animate-fadein inherit\"  ><div class=\"rowItemContent\" ><div class=\"btClear btSeparator bottomSmallSpaced noBorder\" ><hr><\/div><div class=\"btIconImageRow\" ><span class=\"btIco btIcoDefaultType btIcoBigSize btIcoAlterColor   \" ><span  data-ico-tc=\"&#xe95f;\" class=\"btIcoHolder\"><em><\/em><\/span><\/span><\/div><div class=\"btClear btSeparator bottomSmallSpaced noBorder\" ><hr><\/div><header class=\"header btClear medium  btNormalDash\" ><div class=\"dash\"><h3><span class=\"headline\">\u0110i\u1ec7n tho\u1ea1i<\/span><\/h3><\/div><div class=\"btSubTitle\">0913.883.681<br \/><br>0901.728.681<\/div><\/header><div class=\"btClear btSeparator bottomSmallSpaced noBorder\" ><hr><\/div><\/div><\/div><div class=\"rowItem btLeftBorder col-md-2  col-sm-4 col-ms-12 btTextCenter animate animate-fadein inherit\"  ><div class=\"rowItemContent\" ><div class=\"btClear btSeparator bottomSmallSpaced noBorder\" ><hr><\/div><div class=\"btIconImageRow\" ><span class=\"btIco btIcoDefaultType btIcoBigSize btIcoAlterColor   \" ><span  data-ico-es=\"&#xe9d7;\" class=\"btIcoHolder\"><em><\/em><\/span><\/span><\/div><div class=\"btClear btSeparator bottomSmallSpaced noBorder\" ><hr><\/div><header class=\"header btClear medium  btNormalDash\" ><div class=\"dash\"><h3><span class=\"headline\">Email<\/span><\/h3><\/div><div class=\"btSubTitle\">htnlinh@gmail.com<\/div><\/header><div class=\"btClear btSeparator bottomSmallSpaced noBorder\" ><hr><\/div><\/div><\/div><\/div><\/div><div class=\"boldRow  \" ><div class=\"boldRowInner\"><div class=\"rowItem col-md-12 col-ms-12  btTextLeft\"  ><div class=\"rowItemContent\" ><div class=\"btClear btSeparator bottomSemiSpaced noBorder\" ><hr><\/div><\/div><\/div><\/div><\/div><div class=\"boldRow  \" ><div class=\"boldRowInner\"><div class=\"rowItem col-md-6 col-sm-12 btTextLeft inherit\"  ><div class=\"rowItemContent\" ><div class=\"btText\" ><\/p>\n<div class=\"wpcf7 no-js\" id=\"wpcf7-f5-o1\" lang=\"en-US\" dir=\"ltr\">\n<div class=\"screen-reader-response\">\n<p role=\"status\" aria-live=\"polite\" aria-atomic=\"true\">\n<ul><\/ul>\n<\/div>\n<form action=\"\/en\/wp-json\/wp\/v2\/pages\/2944#wpcf7-f5-o1\" method=\"post\" class=\"wpcf7-form init\" aria-label=\"Contact form\" novalidate=\"novalidate\" data-status=\"init\">\n<div style=\"display: none;\">\n<input type=\"hidden\" name=\"_wpcf7\" value=\"5\" \/><br \/>\n<input type=\"hidden\" name=\"_wpcf7_version\" value=\"5.9.7\" \/><br \/>\n<input type=\"hidden\" name=\"_wpcf7_locale\" value=\"en_US\" \/><br \/>\n<input type=\"hidden\" name=\"_wpcf7_unit_tag\" value=\"wpcf7-f5-o1\" \/><br \/>\n<input type=\"hidden\" name=\"_wpcf7_container_post\" value=\"0\" \/><br \/>\n<input type=\"hidden\" name=\"_wpcf7_posted_data_hash\" value=\"\" \/><br \/>\n<input type=\"hidden\" name=\"_wpcf7_recaptcha_response\" value=\"\" \/>\n<\/div>\n<p><label> Nh\u1eadp t\u00ean c\u1ee7a b\u1ea1n<br \/>\n<span class=\"wpcf7-form-control-wrap\" data-name=\"your-name\"><input size=\"40\" maxlength=\"400\" class=\"wpcf7-form-control wpcf7-text wpcf7-validates-as-required\" aria-required=\"true\" aria-invalid=\"false\" value=\"\" type=\"text\" name=\"your-name\" \/><\/span> <\/label>\n<\/p>\n<p><label> Nh\u1eadp email c\u1ee7a b\u1ea1n<br \/>\n<span class=\"wpcf7-form-control-wrap\" data-name=\"your-email\"><input size=\"40\" maxlength=\"400\" class=\"wpcf7-form-control wpcf7-email wpcf7-validates-as-required wpcf7-text wpcf7-validates-as-email\" aria-required=\"true\" aria-invalid=\"false\" value=\"\" type=\"email\" name=\"your-email\" \/><\/span> <\/label>\n<\/p>\n<p><label> S\u1ed1 \u0111i\u1ec7n tho\u1ea1i<br \/>\n<span class=\"wpcf7-form-control-wrap\" data-name=\"your-phone\"><input size=\"40\" maxlength=\"400\" class=\"wpcf7-form-control wpcf7-tel wpcf7-validates-as-required wpcf7-text wpcf7-validates-as-tel\" aria-required=\"true\" aria-invalid=\"false\" value=\"\" type=\"tel\" name=\"your-phone\" \/><\/span> <\/label>\n<\/p>\n<p><label> L\u1eddi nh\u1eafn (optional)<br \/>\n<span class=\"wpcf7-form-control-wrap\" data-name=\"your-message\"><textarea cols=\"40\" rows=\"10\" maxlength=\"2000\" class=\"wpcf7-form-control wpcf7-textarea\" aria-invalid=\"false\" name=\"your-message\"><\/textarea><\/span> <\/label>\n<\/p>\n<p><input class=\"wpcf7-form-control wpcf7-submit has-spinner\" type=\"submit\" value=\"G\u1eedi\" \/>\n<\/p>\n<div class=\"wpcf7-response-output\" aria-hidden=\"true\"><\/div>\n<\/form>\n<\/div>\n<p>\n<\/div><div class=\"btClear btSeparator bottomSemiSpaced noBorder\" ><hr><\/div><\/div><\/div><div class=\"rowItem col-md-6 col-sm-12 btTextLeft animate animate-fadein inherit btDoublePadding\"  ><div class=\"rowItemContent\" ><div class=\"custom-map\"><iframe src=\"https:\/\/www.google.com\/maps\/embed?pb=!1m18!1m12!1m3!1d3919.815538401465!2d106.6205459!3d10.7486955!2m3!1f0!2f0!3f0!3m2!1i1024!2i768!4f13.1!3m3!1m2!1s0x31752dedf3ddcd1b%3A0xa55bf1e895ff8191!2zUGjDsm5nIEtow6FtIE3huq90IE5n4buNYyBMaW5o!5e0!3m2!1svi!2s!4v1716172297361!5m2!1svi!2s\" width=\"100%\" height=\"600\" style=\"border:0;\" allowfullscreen=\"\" loading=\"lazy\" referrerpolicy=\"no-referrer-when-downgrade\"><\/iframe><\/div><div class=\"btClear btSeparator bottomSemiSpaced noBorder\" ><hr><\/div><\/div><\/div><\/div><\/div><\/div><\/div><\/div><\/section><\/p>\n","protected":false},"excerpt":{"rendered":"","protected":false},"author":1,"featured_media":0,"parent":0,"menu_order":0,"comment_status":"closed","ping_status":"closed","template":"","meta":{"_acf_changed":false,"footnotes":""},"class_list":["post-2944","page","type-page","status-publish","hentry"],"acf":[],"_links":{"self":[{"href":"https:\/\/ngoclinhoptic.com\/en\/wp-json\/wp\/v2\/pages\/2944","targetHints":{"allow":["GET"]}}],"collection":[{"href":"https:\/\/ngoclinhoptic.com\/en\/wp-json\/wp\/v2\/pages"}],"about":[{"href":"https:\/\/ngoclinhoptic.com\/en\/wp-json\/wp\/v2\/types\/page"}],"author":[{"embeddable":true,"href":"https:\/\/ngoclinhoptic.com\/en\/wp-json\/wp\/v2\/users\/1"}],"replies":[{"embeddable":true,"href":"https:\/\/ngoclinhoptic.com\/en\/wp-json\/wp\/v2\/comments?post=2944"}],"version-history":[{"count":1,"href":"https:\/\/ngoclinhoptic.com\/en\/wp-json\/wp\/v2\/pages\/2944\/revisions"}],"predecessor-version":[{"id":2945,"href":"https:\/\/ngoclinhoptic.com\/en\/wp-json\/wp\/v2\/pages\/2944\/revisions\/2945"}],"wp:attachment":[{"href":"https:\/\/ngoclinhoptic.com\/en\/wp-json\/wp\/v2\/media?parent=2944"}],"curies":[{"name":"wp","href":"https:\/\/api.w.org\/{rel}","templated":true}]}}