{"id":2943,"date":"2018-03-15T08:41:52","date_gmt":"2018-03-15T08:41:52","guid":{"rendered":"https:\/\/ngoclinhoptic.com\/footer\/"},"modified":"2024-08-20T02:40:00","modified_gmt":"2024-08-20T02:40:00","slug":"footer","status":"publish","type":"page","link":"https:\/\/ngoclinhoptic.com\/en\/footer\/","title":{"rendered":"Footer EN"},"content":{"rendered":"<section id=\"bt_section69e7368733cc5\"  class=\"boldSection topSemiSpaced bottomSemiSpaced btDarkSkin gutter inherit\" style=\"background-color:#3977d7;\"><div class=\"port\"><div class=\"boldCell\"><div class=\"boldCellInner\"><div class=\"boldRow  \" ><div class=\"boldRowInner\"><div class=\"rowItem col-md-12 col-ms-12  btTextCenter inherit\"  ><div class=\"rowItemContent\" ><div class=\"btClear btSeparator topSmallSpaced border\" ><hr><\/div><\/div><\/div><\/div><\/div><div class=\"boldRow custom-row-footer \" style=\"margin-left: -45px; margin-right: -45px;\"><div class=\"boldRowInner\"><div class=\"rowItem btRightBorder col-md-4 col-ms-12 btTextLeft inherit btDoublePadding\"  ><div class=\"rowItemContent\" ><div class=\"btClear btSeparator bottomSemiSpaced noBorder\" ><hr><\/div><header class=\"header btClear medium btDash bottomDash  btAlternateDash\" ><div class=\"dash\"><h3><span class=\"headline\">PH\u00d2NG KH\u00c1M M\u1eaeT<br \/><br>NG\u1eccC LINH<\/span><\/h3><\/div><\/header><div class=\"btClear btSeparator noBorder\" ><hr><\/div><div class=\"btText\" ><\/p>\n<p style=\"font-size: 14px;\">L\u00e0 Ph\u00f2ng kh\u00e1m chuy\u00ean khoa M\u1eaft ngo\u00e0i gi\u1edd \u0111\u01b0\u1ee3c \u0111\u1ea7u t\u01b0 v\u00e0 ph\u00e1t tri\u1ec3n v\u1edbi s\u1ee9 m\u1ec7nh &#8220;Ph\u1ee5c v\u1ee5 b\u1eb1ng t\u00e0i n\u0103ng, y \u0111\u1ee9c v\u00e0 s\u1ef1 th\u1ea5u c\u1ea3m&#8221;<\/p>\n<p>\n<\/div><div class=\"btClear btSeparator bottomSmallSpaced noBorder\" ><hr><\/div><div class=\"btIconImageRow custom-social-footer btIconsNormalPosition\" ><span class=\"btIco btIcoFilledType btIcoSmallSize btIcoDefaultColor   \" ><span  data-ico-fa=\"&#xf09a;\" class=\"btIcoHolder\"><em><\/em><\/span><\/span><div class=\"bpgPhoto btTextCenter custom-icon-zalo\" ><div class=\"btImage\"><img decoding=\"async\" src=\"https:\/\/ngoclinhoptic.com\/wp-content\/uploads\/2024\/05\/icons8-zalo-30.png\" alt=\"\" title=\"\"><\/div><\/div><span class=\"btIco btIcoFilledType btIcoSmallSize btIcoDefaultColor   \" ><span  data-ico-fa=\"&#xf16a;\" class=\"btIcoHolder\"><em><\/em><\/span><\/span><\/div><div class=\"btClear btSeparator bottomSmallSpaced noBorder\" ><hr><\/div><\/div><\/div><div class=\"rowItem col-md-4 col-ms-12 btTextLeft inherit btDoublePadding\"  ><div class=\"rowItemContent\" ><div class=\"btClear btSeparator bottomSemiSpaced noBorder\" ><hr><\/div><header class=\"header btClear medium btDash bottomDash  btAlternateDash\" ><div class=\"dash\"><h3><span class=\"headline\">About Us<\/span><\/h3><\/div><\/header><div class=\"btClear btSeparator noBorder\" ><hr><\/div><div class=\"boldRow boldInnerRow  \" ><div class=\"rowItem rowInnerItem col-md-6  btTextLeft\"  ><div class=\"rowItemContent\"><div class=\"btCustomMenu btTwoColFooterMenu\" ><div class=\"menu-main-menu-container\"><ul id=\"menu-main-menu\" class=\"menu\"><li id=\"menu-item-2219\" class=\"menu-item menu-item-type-post_type menu-item-object-page current_page_parent menu-item-2219\"><a href=\"https:\/\/ngoclinhoptic.com\/en\/blog\/\">Blog<\/a><\/li>\n<\/ul><\/div><\/div><div class=\"btClear btSeparator bottomSmallSpaced noBorder\" ><hr><\/div><\/div><\/div><div class=\"rowItem rowInnerItem bt_bb_hidden_xs bt_bb_hidden_ms bt_bb_hidden_sm bt_bb_hidden_md bt_bb_hidden_lg col-md-6  btTextLeft inherit\"  ><div class=\"rowItemContent\"><div class=\"btCustomMenu btTwoColFooterMenu\" ><div class=\"menu\"><ul>\n<li class=\"page_item page-item-2950\"><a href=\"https:\/\/ngoclinhoptic.com\/en\/about-us\/\">About Us<\/a><\/li>\n<li class=\"page_item page-item-320 current_page_parent\"><a href=\"https:\/\/ngoclinhoptic.com\/en\/blog\/\">Blog<\/a><\/li>\n<li class=\"page_item page-item-2942\"><a href=\"https:\/\/ngoclinhoptic.com\/en\/contact\/\">Contact<\/a><\/li>\n<li class=\"page_item page-item-2963\"><a href=\"https:\/\/ngoclinhoptic.com\/en\/cosmetic-surgery\/\">Cosmetic Surgery<\/a><\/li>\n<li class=\"page_item page-item-2956\"><a href=\"https:\/\/ngoclinhoptic.com\/en\/diabetic-retinopathy\/\">Diabetic Retinopathy<\/a><\/li>\n<li class=\"page_item page-item-2944\"><a href=\"https:\/\/ngoclinhoptic.com\/en\/faq\/\">FAQ<\/a><\/li>\n<li class=\"page_item page-item-2943\"><a href=\"https:\/\/ngoclinhoptic.com\/en\/footer\/\">Footer EN<\/a><\/li>\n<li class=\"page_item page-item-2958\"><a href=\"https:\/\/ngoclinhoptic.com\/en\/glaucoma\/\">Glaucoma<\/a><\/li>\n<li class=\"page_item page-item-2954\"><a href=\"https:\/\/ngoclinhoptic.com\/en\/\">Home<\/a><\/li>\n<li class=\"page_item page-item-2959\"><a href=\"https:\/\/ngoclinhoptic.com\/en\/myopia-control-glasses\/\">Myopia Control Glasses<\/a><\/li>\n<li class=\"page_item page-item-2960\"><a href=\"https:\/\/ngoclinhoptic.com\/en\/ortho-k-lenses\/\">Ortho-K Lenses<\/a><\/li>\n<li class=\"page_item page-item-2961\"><a href=\"https:\/\/ngoclinhoptic.com\/en\/phaco-cataract-surgery\/\">PHACO Cataract Surgery<\/a><\/li>\n<li class=\"page_item page-item-2951\"><a href=\"https:\/\/ngoclinhoptic.com\/en\/service\/\">Service<\/a><\/li>\n<li class=\"page_item page-item-2962\"><a href=\"https:\/\/ngoclinhoptic.com\/en\/strabismus-surgery\/\">Strabismus Surgery<\/a><\/li>\n<li class=\"page_item page-item-2957\"><a href=\"https:\/\/ngoclinhoptic.com\/en\/types-of-intraocular-lenses-iols-in-cataract-surgery\/\">Types of Intraocular Lenses (IOLs) in Cataract Surgery<\/a><\/li>\n<\/ul><\/div>\n<\/div><div class=\"btClear btSeparator bottomSmallSpaced noBorder\" ><hr><\/div><\/div><\/div><\/div><\/div><\/div><div class=\"rowItem btLeftBorder col-md-4 col-ms-12 btTextLeft inherit btDoublePadding\"  ><div class=\"rowItemContent\" ><div class=\"btClear btSeparator bottomSemiSpaced noBorder\" ><hr><\/div><header class=\"header btClear medium btDash bottomDash  btAlternateDash\" ><div class=\"dash\"><h3><span class=\"headline\">Register<\/span><\/h3><\/div><\/header><div class=\"btClear btSeparator noBorder\" ><hr><\/div><div class=\"btText\" ><\/p>\n<p>\u0110\u0103ng k\u00fd \u0111\u1ec3 nh\u1eadn nh\u1eefng tin t\u1ee9c v\u00e0 \u01b0u \u0111\u00e3i m\u1edbi nh\u1ea5t t\u1eeb ch\u00fang t\u00f4i!<\/p>\n<p>\n<\/div><div class=\"btClear btSeparator bottomSmallSpaced noBorder\" ><hr><\/div><div class=\"btText\" ><\/p>\n<div class=\"wpcf7 no-js\" id=\"wpcf7-f3025-o1\" lang=\"vi-VN\" dir=\"ltr\">\n<div class=\"screen-reader-response\">\n<p role=\"status\" aria-live=\"polite\" aria-atomic=\"true\">\n<ul><\/ul>\n<\/div>\n<form action=\"\/en\/wp-json\/wp\/v2\/pages\/2943#wpcf7-f3025-o1\" method=\"post\" class=\"wpcf7-form init\" aria-label=\"Contact form\" novalidate=\"novalidate\" data-status=\"init\">\n<div style=\"display: none;\">\n<input type=\"hidden\" name=\"_wpcf7\" value=\"3025\" \/><br \/>\n<input type=\"hidden\" name=\"_wpcf7_version\" value=\"5.9.7\" \/><br \/>\n<input type=\"hidden\" name=\"_wpcf7_locale\" value=\"vi_VN\" \/><br \/>\n<input type=\"hidden\" name=\"_wpcf7_unit_tag\" value=\"wpcf7-f3025-o1\" \/><br \/>\n<input type=\"hidden\" name=\"_wpcf7_container_post\" value=\"0\" \/><br \/>\n<input type=\"hidden\" name=\"_wpcf7_posted_data_hash\" value=\"\" \/><br \/>\n<input type=\"hidden\" name=\"_wpcf7_recaptcha_response\" value=\"\" \/>\n<\/div>\n<div class=\"btFooterSubscribe btAlternateSubmit\">\n<p><span class=\"wpcf7-form-control-wrap\" data-name=\"your-email\"><input size=\"40\" maxlength=\"400\" class=\"wpcf7-form-control wpcf7-email wpcf7-validates-as-required wpcf7-text wpcf7-validates-as-email\" aria-required=\"true\" aria-invalid=\"false\" value=\"Enter you email\" type=\"email\" name=\"your-email\" \/><\/span><input class=\"wpcf7-form-control wpcf7-submit has-spinner\" type=\"submit\" value=\"Submit\" \/>\n\t<\/p>\n<\/div>\n<div class=\"btClear btSeparator topExtraSmallSpaced bottomExtraSmallSpaced noBorder\">\n<span class=\"wpcf7-form-control-wrap recaptcha\" data-name=\"recaptcha\"><span data-sitekey=\"6LfPDsArAAAAAN4R6ukXqLZ4RzzM50P5ptUtzivV\" class=\"wpcf7-form-control wpcf7-recaptcha g-recaptcha\"><\/span><br \/>\n<noscript><\/p>\n<div class=\"grecaptcha-noscript\">\n\t\t<iframe loading=\"lazy\" src=\"https:\/\/www.google.com\/recaptcha\/api\/fallback?k=6LfPDsArAAAAAN4R6ukXqLZ4RzzM50P5ptUtzivV\" frameborder=\"0\" scrolling=\"no\" width=\"310\" height=\"430\"><br \/>\n\t\t<\/iframe><br \/>\n\t\t<textarea name=\"g-recaptcha-response\" rows=\"3\" cols=\"40\" placeholder=\"reCaptcha Response Here\"><br \/>\n\t\t<\/textarea>\n\t<\/div>\n<p><\/noscript><br \/>\n<\/span>\n<\/div>\n<div class=\"wpcf7-response-output\" aria-hidden=\"true\"><\/div>\n<\/form>\n<\/div>\n<p>\n<\/div><div class=\"btClear btSeparator bottomSmallSpaced noBorder\" ><hr><\/div><\/div><\/div><\/div><\/div><\/div><\/div><\/div><\/section>\n","protected":false},"excerpt":{"rendered":"","protected":false},"author":1,"featured_media":0,"parent":0,"menu_order":0,"comment_status":"closed","ping_status":"closed","template":"","meta":{"_acf_changed":false,"footnotes":""},"class_list":["post-2943","page","type-page","status-publish","hentry"],"acf":[],"_links":{"self":[{"href":"https:\/\/ngoclinhoptic.com\/en\/wp-json\/wp\/v2\/pages\/2943","targetHints":{"allow":["GET"]}}],"collection":[{"href":"https:\/\/ngoclinhoptic.com\/en\/wp-json\/wp\/v2\/pages"}],"about":[{"href":"https:\/\/ngoclinhoptic.com\/en\/wp-json\/wp\/v2\/types\/page"}],"author":[{"embeddable":true,"href":"https:\/\/ngoclinhoptic.com\/en\/wp-json\/wp\/v2\/users\/1"}],"replies":[{"embeddable":true,"href":"https:\/\/ngoclinhoptic.com\/en\/wp-json\/wp\/v2\/comments?post=2943"}],"version-history":[{"count":3,"href":"https:\/\/ngoclinhoptic.com\/en\/wp-json\/wp\/v2\/pages\/2943\/revisions"}],"predecessor-version":[{"id":3026,"href":"https:\/\/ngoclinhoptic.com\/en\/wp-json\/wp\/v2\/pages\/2943\/revisions\/3026"}],"wp:attachment":[{"href":"https:\/\/ngoclinhoptic.com\/en\/wp-json\/wp\/v2\/media?parent=2943"}],"curies":[{"name":"wp","href":"https:\/\/api.w.org\/{rel}","templated":true}]}}