{"id":2942,"date":"2015-12-02T09:19:41","date_gmt":"2015-12-02T09:19:41","guid":{"rendered":"https:\/\/ngoclinhoptic.com\/lien-he\/"},"modified":"2024-08-20T05:44:08","modified_gmt":"2024-08-20T05:44:08","slug":"contact","status":"publish","type":"page","link":"https:\/\/ngoclinhoptic.com\/en\/contact\/","title":{"rendered":"Contact"},"content":{"rendered":"<p><section id=\"bt_section69e7523d48af2\"  class=\"boldSection gutter\" ><div class=\"port\"><div class=\"boldCell\"><div class=\"boldCellInner\"><div class=\"boldRow  \" ><div class=\"boldRowInner\"><div class=\"rowItem col-md-12 col-ms-12  btTextLeft\"  ><div class=\"rowItemContent\" ><div class=\"btClear btSeparator bottomSpaced noBorder\" ><hr><\/div><\/div><\/div><\/div><\/div><div class=\"boldRow  \" ><div class=\"boldRowInner\"><div class=\"rowItem col-md-3 col-sm-6 col-ms-12 btTextCenter animate animate-fadein inherit\"  ><div class=\"rowItemContent\" ><div class=\"btClear btSeparator bottomSmallSpaced noBorder\" ><hr><\/div><div class=\"servicesItem  btIcoAlterColorIcon btIcoBigSizeIcon  \"><div class=\"sIcon\"><span class=\"btIco btIcoBigSize btIcoDefaultType btIcoAlterColor\" ><span  data-ico-hs=\"&#xe91f;\" class=\"btIcoHolder\"><em><\/em><\/span><\/span><\/div><div class=\"sTxt\"><header class=\"header btClear small\" ><div class=\"dash\"><h4><span class=\"headline\">\u0110\u1ecba ch\u1ec9<\/span><\/h4><\/div><\/header><p>S\u1ed1 6, \u0110\u01b0\u1eddng S\u1ed1 4, KP5, P. An L\u1ea1c A, Qu\u1eadn B\u00ecnh T\u00e2n, TP. HCM<\/p><\/div><\/div><div class=\"btClear btSeparator bottomSmallSpaced noBorder\" ><hr><\/div><\/div><\/div><div class=\"rowItem btLeftBorder col-md-3 col-sm-6 col-ms-12 btTextCenter animate animate-fadein inherit\"  ><div class=\"rowItemContent\" ><div class=\"btClear btSeparator bottomSmallSpaced noBorder\" ><hr><\/div><div class=\"servicesItem  btIcoAlterColorIcon btIcoBigSizeIcon  \"><div class=\"sIcon\"><span class=\"btIco btIcoBigSize btIcoDefaultType btIcoAlterColor\" ><span  data-ico-tc=\"&#xe95f;\" class=\"btIcoHolder\"><em><\/em><\/span><\/span><\/div><div class=\"sTxt\"><header class=\"header btClear small\" ><div class=\"dash\"><h4><span class=\"headline\">\u0110i\u1ec7n tho\u1ea1i<\/span><\/h4><\/div><\/header><p>T\u01b0 v\u1ea5n chuy\u00ean m\u00f4n: 0913.883.681<br\/>\u0110\u1eb7t h\u1eb9n: 0901.728.681<\/p><\/div><\/div><div class=\"btClear btSeparator bottomSmallSpaced noBorder\" ><hr><\/div><\/div><\/div><div class=\"rowItem btLeftBorder col-md-3 col-sm-6 col-ms-12 btTextCenter animate animate-fadein inherit\"  ><div class=\"rowItemContent\" ><div class=\"btClear btSeparator bottomSmallSpaced noBorder\" ><hr><\/div><div class=\"servicesItem  btIcoAlterColorIcon btIcoBigSizeIcon  \"><div class=\"sIcon\"><span class=\"btIco btIcoBigSize btIcoDefaultType btIcoAlterColor\" ><span  data-ico-es=\"&#xe9d7;\" class=\"btIcoHolder\"><em><\/em><\/span><\/span><\/div><div class=\"sTxt\"><header class=\"header btClear small\" ><div class=\"dash\"><h4><span class=\"headline\">Email<\/span><\/h4><\/div><\/header><p>htnlinh@gmail.com<\/p><\/div><\/div><div class=\"btClear btSeparator bottomSmallSpaced noBorder\" ><hr><\/div><\/div><\/div><div class=\"rowItem btLeftBorder col-md-3 col-sm-6 col-ms-12 btTextCenter animate animate-fadein inherit\"  ><div class=\"rowItemContent\" ><div class=\"btClear btSeparator bottomSmallSpaced noBorder\" ><hr><\/div><div class=\"servicesItem  btIcoAlterColorIcon btIcoBigSizeIcon  \"><div class=\"sIcon\"><span class=\"btIco btIcoBigSize btIcoDefaultType btIcoAlterColor\" ><span  data-ico-es=\"&#xe925;\" class=\"btIcoHolder\"><em><\/em><\/span><\/span><\/div><div class=\"sTxt\"><header class=\"header btClear small\" ><div class=\"dash\"><h4><span class=\"headline\">Gi\u1edd l\u00e0m vi\u1ec7c<\/span><\/h4><\/div><\/header><p>Th\u1ee9 hai , Th\u1ee9 T\u01b0 &#038; Th\u1ee9 S\u00e1u: 17h30 \u2013 20h00.<br\/>Th\u1ee9 Ba, Th\u1ee9 N\u0103m, Th\u1ee9 B\u1ea3y, Ch\u1ee7 Nh\u1eadt &#038; Ng\u00e0y L\u1ec5: Ngh\u1ec9.<br\/>B\u1ec7nh nh\u00e2n vui l\u00f2ng g\u1ecdi 0901.728.681 \u0111\u1ec3 \u0111\u1eb7t h\u1eb9n tr\u01b0\u1edbc<\/p><\/div><\/div><div class=\"btClear btSeparator bottomSmallSpaced noBorder\" ><hr><\/div><\/div><\/div><\/div><\/div><\/div><\/div><\/div><\/section><section id=\"bt_section69e7523d4ad3b\"  class=\"boldSection btDivider topSemiSpaced bottomSemiSpaced btDarkSkin gutter inherit bt_bb_hidden_xs bt_bb_hidden_ms bt_bb_hidden_sm bt_bb_hidden_md bt_bb_hidden_lg wBackground cover\" style=\"background-color:rgb(57,119,215);background-image:url('https:\/\/ngoclinhoptic.com\/wp-content\/uploads\/2018\/03\/bgn-surgery-01.jpg');\"><div class=\"port\"><div class=\"boldCell\"><div class=\"boldCellInner\"><div class=\"boldRow  \" ><div class=\"boldRowInner\"><div class=\"rowItem col-md-8 col-ms-12 btTextLeft animate animate-fadein animate-moveleft inherit\"  ><div class=\"rowItemContent\" ><div class=\"btClear btSeparator topExtraSmallSpaced bottomExtraSmallSpaced noBorder\" ><hr><\/div><header class=\"header btClear extralarge btDash bottomDash  btAlternateDash\" ><div class=\"btSuperTitle\">V\u1ec1 Ch\u00fang T\u00f4i<\/div><div class=\"dash\"><h1><span class=\"headline\">Li\u00ean H\u1ec7<\/span><\/h1><\/div><div class=\"btSubTitle\">\u0110\u1ed5i m\u1edbi \u0111\u00e1ng tin c\u1eady c\u00e1c ngu\u1ed3n n\u1ed9i b\u1ed9 chi ti\u1ebft ho\u1eb7c &#8220;h\u1eefu c\u01a1&#8220; \u0111\u1ed3ng th\u1eddi \u0111\u1ea1t ti\u00eau chu\u1ea9n cao v\u1ec1 t\u00ednh s\u1eb5n s\u00e0ng c\u1ee7a web. M\u1edf r\u1ed9ng quy m\u00f4 m\u1ed9t c\u00e1ch m\u1ea1nh m\u1ebd c\u00e1c n\u0103ng l\u1ef1c c\u1ed1t l\u00f5i ph\u00f9 h\u1ee3p v\u1edbi t\u01b0\u01a1ng lai d\u1ef1a tr\u00ean nh\u1eefng tr\u1ea3i nghi\u1ec7m c\u00f3 t\u00e1c \u0111\u1ed9ng m\u1ea1nh m\u1ebd.<\/div><\/header><\/div><\/div><div class=\"rowItem col-md-4 col-ms-12 btTextLeft\"  ><div class=\"rowItemContent\" ><\/div><\/div><\/div><\/div><\/div><\/div><\/div><\/section><section id=\"bt_section69e7523d4b23f\"  class=\"boldSection gutter\" ><div class=\"port\"><div class=\"boldCell\"><div class=\"boldCellInner\"><div class=\"boldRow  \" ><div class=\"boldRowInner\"><div class=\"rowItem col-md-4 col-ms-12 btTextLeft btTopVertical btDoublePadding btDarkSkin\" style=\"background-color:rgb(57,119,215);\" ><div class=\"rowItemContent\" ><div class=\"btClear btSeparator topSemiSpaced noBorder\" ><hr><\/div><header class=\"header btClear large btDash topDash  btAccentDash\" ><div class=\"btSuperTitle\">Nh\u1eadn t\u01b0 v\u1ea5n t\u1eeb ch\u00fang t\u00f4i<\/div><div class=\"dash\"><h2><span class=\"headline\">\u0110\u1eb6T L\u1ecaCH KH\u00c1M B\u1ec6NH<\/span><\/h2><\/div><\/header><div class=\"btClear btSeparator topSemiSpaced noBorder bt_bb_hidden_xs bt_bb_hidden_ms bt_bb_hidden_sm\" ><hr><\/div><\/div><\/div><div class=\"rowItem col-md-8 col-ms-12 btTextLeft btMiddleVertical btDoublePadding btDarkSkin\" style=\"background-color:rgb(57,119,215);\" ><div class=\"rowItemContent\" ><div class=\"btClear btSeparator topSemiSpaced noBorder\" ><hr><\/div><div class=\"btText\" ><\/p>\n<div class=\"wpcf7 no-js\" id=\"wpcf7-f3030-o1\" lang=\"vi-VN\" dir=\"ltr\">\n<div class=\"screen-reader-response\">\n<p role=\"status\" aria-live=\"polite\" aria-atomic=\"true\">\n<ul><\/ul>\n<\/div>\n<form action=\"\/en\/wp-json\/wp\/v2\/pages\/2942#wpcf7-f3030-o1\" method=\"post\" class=\"wpcf7-form init\" aria-label=\"Contact form\" novalidate=\"novalidate\" data-status=\"init\">\n<div style=\"display: none;\">\n<input type=\"hidden\" name=\"_wpcf7\" value=\"3030\" \/><br \/>\n<input type=\"hidden\" name=\"_wpcf7_version\" value=\"5.9.7\" \/><br \/>\n<input type=\"hidden\" name=\"_wpcf7_locale\" value=\"vi_VN\" \/><br \/>\n<input type=\"hidden\" name=\"_wpcf7_unit_tag\" value=\"wpcf7-f3030-o1\" \/><br \/>\n<input type=\"hidden\" name=\"_wpcf7_container_post\" value=\"0\" \/><br \/>\n<input type=\"hidden\" name=\"_wpcf7_posted_data_hash\" value=\"\" \/><br \/>\n<input type=\"hidden\" name=\"_wpcf7_recaptcha_response\" value=\"\" \/>\n<\/div>\n<div class=\"boldRow\">\n<div class=\"rowItem col-xs-12 col-sm-6\">\n<p><span class=\"wpcf7-form-control-wrap\" data-name=\"your-name\"><input size=\"40\" maxlength=\"400\" class=\"wpcf7-form-control wpcf7-text wpcf7-validates-as-required\" aria-required=\"true\" aria-invalid=\"false\" placeholder=\"Your Name *\" value=\"\" type=\"text\" name=\"your-name\" \/><\/span>\n\t\t<\/p>\n<\/p><\/div>\n<div class=\"btClear btSeparator topExtraSmallSpaced bottomExtraSmallSpaced noBorder bt_bb_hidden_sm bt_bb_hidden_md bt_bb_hidden_lg\">\n<hr \/><\/div>\n<div class=\"rowItem col-xs-12 col-sm-6\">\n<p><span class=\"wpcf7-form-control-wrap\" data-name=\"your-email\"><input size=\"40\" maxlength=\"400\" class=\"wpcf7-form-control wpcf7-email wpcf7-validates-as-required wpcf7-text wpcf7-validates-as-email\" aria-required=\"true\" aria-invalid=\"false\" placeholder=\"Your Email *\" value=\"\" type=\"email\" name=\"your-email\" \/><\/span>\n\t\t<\/p>\n<\/p><\/div>\n<\/div>\n<div class=\"boldRow\">\n<div class=\"rowItem col-xs-12 col-sm-12\" style=\"margin-top: 10px;\">\n<p><span class=\"wpcf7-form-control-wrap\" data-name=\"your-phone\"><input size=\"40\" maxlength=\"400\" class=\"wpcf7-form-control wpcf7-tel wpcf7-validates-as-required wpcf7-text wpcf7-validates-as-tel\" aria-required=\"true\" aria-invalid=\"false\" placeholder=\"Your Phone *\" value=\"\" type=\"tel\" name=\"your-phone\" \/><\/span>\n\t\t<\/p>\n<\/p><\/div>\n<\/div>\n<div class=\"btClear btSeparator topExtraSmallSpaced bottomExtraSmallSpaced noBorder\">\n<hr \/>\n<\/div>\n<div class=\"boldRow\">\n<div class=\"rowItem col-xs-12 col-sm-6\">\n<p><span class=\"wpcf7-form-control-wrap\" data-name=\"Doctor\"><select class=\"wpcf7-form-control wpcf7-select\" aria-invalid=\"false\" name=\"Doctor\"><option value=\"Select time\">Select time<\/option><option value=\"17h30\">17h30<\/option><option value=\"17h40\">17h40<\/option><option value=\"17h50\">17h50<\/option><option value=\"18h00\">18h00<\/option><option value=\"18h10\">18h10<\/option><option value=\"18h20\">18h20<\/option><option value=\"18h30\">18h30<\/option><option value=\"18h40\">18h40<\/option><option value=\"18h50\">18h50<\/option><option value=\"18h60\">18h60<\/option><option value=\"19h00\">19h00<\/option><option value=\"19h10\">19h10<\/option><option value=\"19h20\">19h20<\/option><option value=\"19h30\">19h30<\/option><option value=\"19h40\">19h40<\/option><option value=\"19h50\">19h50<\/option><option value=\"20h00\">20h00<\/option><\/select><\/span>\n\t\t<\/p>\n<\/p><\/div>\n<div class=\"btClear btSeparator topExtraSmallSpaced bottomExtraSmallSpaced noBorder bt_bb_hidden_sm bt_bb_hidden_md bt_bb_hidden_lg\">\n<hr \/><\/div>\n<div class=\"rowItem col-xs-12 col-sm-6\">\n<p><span class=\"wpcf7-form-control-wrap\" data-name=\"date-638\"><input class=\"wpcf7-form-control wpcf7-date wpcf7-validates-as-required wpcf7-validates-as-date\" aria-required=\"true\" aria-invalid=\"false\" placeholder=\"Select appointment date\" value=\"\" type=\"date\" name=\"date-638\" \/><\/span>\n\t\t<\/p>\n<\/p><\/div>\n<\/div>\n<div class=\"btClear btSeparator topExtraSmallSpaced bottomExtraSmallSpaced noBorder\">\n<hr \/>\n<\/div>\n<div class=\"btClear btSeparator topExtraSmallSpaced bottomExtraSmallSpaced noBorder\">\n<span class=\"wpcf7-form-control-wrap recaptcha\" data-name=\"recaptcha\"><span data-sitekey=\"6LfPDsArAAAAAN4R6ukXqLZ4RzzM50P5ptUtzivV\" class=\"wpcf7-form-control wpcf7-recaptcha g-recaptcha\"><\/span><br \/>\n<noscript><\/p>\n<div class=\"grecaptcha-noscript\">\n\t\t<iframe loading=\"lazy\" src=\"https:\/\/www.google.com\/recaptcha\/api\/fallback?k=6LfPDsArAAAAAN4R6ukXqLZ4RzzM50P5ptUtzivV\" frameborder=\"0\" scrolling=\"no\" width=\"310\" height=\"430\"><br \/>\n\t\t<\/iframe><br \/>\n\t\t<textarea name=\"g-recaptcha-response\" rows=\"3\" cols=\"40\" placeholder=\"reCaptcha Response Here\"><br \/>\n\t\t<\/textarea>\n\t<\/div>\n<p><\/noscript><br \/>\n<\/span>\n<\/div>\n<div class=\"boldRow\">\n<div class=\"rowItem col-xs-12 btTextRight\">\n<p><input class=\"wpcf7-form-control wpcf7-submit has-spinner\" type=\"submit\" value=\"Submit\" \/>\n\t\t<\/p>\n<\/p><\/div>\n<\/div>\n<div class=\"wpcf7-response-output\" aria-hidden=\"true\"><\/div>\n<\/form>\n<\/div>\n<p>\n<\/div><div class=\"btClear btSeparator topSemiSpaced noBorder\" ><hr><\/div><\/div><\/div><\/div><\/div><\/div><\/div><\/div><\/section><section id=\"bt_section69e7523d4d56c\"  class=\"boldSection topSpaced bottomSpaced gutter inherit\" ><div class=\"port\"><div class=\"boldCell\"><div class=\"boldCellInner\"><div class=\"boldRow  \" ><div class=\"boldRowInner\"><div class=\"rowItem col-md-8 col-ms-12 btTextLeft animate animate-fadein inherit\"  ><div class=\"rowItemContent\" ><header class=\"header btClear extralarge btDash bottomDash  btAccentDash\" ><div class=\"btSuperTitle\">Li\u00ean h\u1ec7 ch\u00fang t\u00f4i<\/div><div class=\"dash\"><h1><span class=\"headline\"><strong class=\"animate\">G\u1eedi Th\u00f4ng Tin Cho Ch\u00fang T\u00f4i<\/strong><\/span><\/h1><\/div><\/header><div class=\"btClear btSeparator bottomSemiSpaced noBorder\" ><hr><\/div><\/div><\/div><div class=\"rowItem col-md-4 col-ms-12 btTextLeft\"  ><div class=\"rowItemContent\" ><\/div><\/div><\/div><\/div><div class=\"boldRow  \" ><div class=\"boldRowInner\"><div class=\"rowItem col-md-6 col-sm-12 btTextLeft inherit\"  ><div class=\"rowItemContent\" ><div class=\"btText\" ><\/p>\n<div class=\"wpcf7 no-js\" id=\"wpcf7-f3027-o2\" lang=\"vi-VN\" dir=\"ltr\">\n<div class=\"screen-reader-response\">\n<p role=\"status\" aria-live=\"polite\" aria-atomic=\"true\">\n<ul><\/ul>\n<\/div>\n<form action=\"\/en\/wp-json\/wp\/v2\/pages\/2942#wpcf7-f3027-o2\" method=\"post\" class=\"wpcf7-form init\" aria-label=\"Contact form\" novalidate=\"novalidate\" data-status=\"init\">\n<div style=\"display: none;\">\n<input type=\"hidden\" name=\"_wpcf7\" value=\"3027\" \/><br \/>\n<input type=\"hidden\" name=\"_wpcf7_version\" value=\"5.9.7\" \/><br \/>\n<input type=\"hidden\" name=\"_wpcf7_locale\" value=\"vi_VN\" \/><br \/>\n<input type=\"hidden\" name=\"_wpcf7_unit_tag\" value=\"wpcf7-f3027-o2\" \/><br \/>\n<input type=\"hidden\" name=\"_wpcf7_container_post\" value=\"0\" \/><br \/>\n<input type=\"hidden\" name=\"_wpcf7_posted_data_hash\" value=\"\" \/><br \/>\n<input type=\"hidden\" name=\"_wpcf7_recaptcha_response\" value=\"\" \/>\n<\/div>\n<p><label> Your Name<br \/>\n<span class=\"wpcf7-form-control-wrap\" data-name=\"your-name\"><input size=\"40\" maxlength=\"400\" class=\"wpcf7-form-control wpcf7-text wpcf7-validates-as-required\" aria-required=\"true\" aria-invalid=\"false\" value=\"\" type=\"text\" name=\"your-name\" \/><\/span> <\/label>\n<\/p>\n<p><label> Your Email<br \/>\n<span class=\"wpcf7-form-control-wrap\" data-name=\"your-email\"><input size=\"40\" maxlength=\"400\" class=\"wpcf7-form-control wpcf7-email wpcf7-validates-as-required wpcf7-text wpcf7-validates-as-email\" aria-required=\"true\" aria-invalid=\"false\" value=\"\" type=\"email\" name=\"your-email\" \/><\/span> <\/label>\n<\/p>\n<p><label> Your Phone<br \/>\n<span class=\"wpcf7-form-control-wrap\" data-name=\"your-phone\"><input size=\"40\" maxlength=\"400\" class=\"wpcf7-form-control wpcf7-tel wpcf7-validates-as-required wpcf7-text wpcf7-validates-as-tel\" aria-required=\"true\" aria-invalid=\"false\" value=\"\" type=\"tel\" name=\"your-phone\" \/><\/span> <\/label>\n<\/p>\n<p><label> Message (optional)<br \/>\n<span class=\"wpcf7-form-control-wrap\" data-name=\"your-message\"><textarea cols=\"40\" rows=\"10\" maxlength=\"2000\" class=\"wpcf7-form-control wpcf7-textarea\" aria-invalid=\"false\" name=\"your-message\"><\/textarea><\/span> <\/label>\n<\/p>\n<p><input class=\"wpcf7-form-control wpcf7-submit has-spinner\" type=\"submit\" value=\"Submit\" \/>\n<\/p>\n<div class=\"wpcf7-response-output\" aria-hidden=\"true\"><\/div>\n<\/form>\n<\/div>\n<p>\n<\/div><div class=\"btClear btSeparator bottomSemiSpaced noBorder hidden\" ><hr><\/div><\/div><\/div><div class=\"rowItem col-md-6 col-sm-12 btTextLeft animate animate-fadein inherit btDoublePadding custom-row-map\"  ><div class=\"rowItemContent\" ><div class=\"custom-map\"><iframe src=\"https:\/\/www.google.com\/maps\/embed?pb=!1m18!1m12!1m3!1d3919.815538401465!2d106.6205459!3d10.7486955!2m3!1f0!2f0!3f0!3m2!1i1024!2i768!4f13.1!3m3!1m2!1s0x31752dedf3ddcd1b%3A0xa55bf1e895ff8191!2zUGjDsm5nIEtow6FtIE3huq90IE5n4buNYyBMaW5o!5e0!3m2!1svi!2s!4v1716172297361!5m2!1svi!2s\" width=\"100%\" height=\"600\" style=\"border:0;\" allowfullscreen=\"\" loading=\"lazy\" referrerpolicy=\"no-referrer-when-downgrade\"><\/iframe><\/div><\/div><\/div><\/div><\/div><\/div><\/div><\/div><\/section><section id=\"bt_section69e7523d4ed47\" data-parallax=\"0.2\" data-parallax-offset=\"0\" class=\"boldSection topSpaced bottomSpaced btDarkSkin gutter inherit bt_bb_hidden_xs bt_bb_hidden_ms bt_bb_hidden_sm bt_bb_hidden_md bt_bb_hidden_lg btParallax\" style=\"background-color:rgb(15,66,117);\"><div class=\"port\"><div class=\"boldCell\"><div class=\"boldCellInner\"><div class=\"boldRow  \" ><div class=\"boldRowInner\"><div class=\"rowItem col-md-12 col-ms-12  btTextCenter inherit\"  ><div class=\"rowItemContent\" ><header class=\"header btClear extralarge btDash bottomDash  btAccentDash\" ><div class=\"dash\"><h1><span class=\"headline\"><em>Follow us<\/em><\/span><\/h1><\/div><div class=\"btSubTitle\">Find out what\u2019s hot and new, and get discounts for being a regular patient and Medicare fan.<\/div><\/header><div class=\"btClear btSeparator topExtraSmallSpaced bottomSmallSpaced noBorder\" ><hr><\/div><div class=\"btIconImageRow\" ><span class=\"btIco btIcoFilledType btIcoMediumSize btIcoAccentColor   \" ><a href=\"#\"  target = \"no_target\" data-ico-fa=\"&#xf09a;\" class=\"btIcoHolder\"><em><\/em><\/a><\/span><span class=\"btIco btIcoFilledType btIcoMediumSize btIcoAccentColor   \" ><a href=\"#\"  target = \"no_target\" data-ico-fa=\"&#xf099;\" class=\"btIcoHolder\"><em><\/em><\/a><\/span><span class=\"btIco btIcoFilledType btIcoMediumSize btIcoAccentColor   \" ><a href=\"#\"  target = \"no_target\" data-ico-fa=\"&#xf16d;\" class=\"btIcoHolder\"><em><\/em><\/a><\/span><span class=\"btIco btIcoFilledType btIcoMediumSize btIcoAccentColor   \" ><a href=\"#\"  target = \"no_target\" data-ico-fa=\"&#xf0d5;\" class=\"btIcoHolder\"><em><\/em><\/a><\/span><\/div><\/div><\/div><\/div><\/div><div class=\"boldRow  \" ><div class=\"boldRowInner\"><\/div><\/div><\/div><\/div><\/div><\/section><\/p>\n","protected":false},"excerpt":{"rendered":"","protected":false},"author":1,"featured_media":0,"parent":0,"menu_order":0,"comment_status":"closed","ping_status":"closed","template":"","meta":{"_acf_changed":false,"footnotes":""},"class_list":["post-2942","page","type-page","status-publish","hentry"],"acf":[],"_links":{"self":[{"href":"https:\/\/ngoclinhoptic.com\/en\/wp-json\/wp\/v2\/pages\/2942","targetHints":{"allow":["GET"]}}],"collection":[{"href":"https:\/\/ngoclinhoptic.com\/en\/wp-json\/wp\/v2\/pages"}],"about":[{"href":"https:\/\/ngoclinhoptic.com\/en\/wp-json\/wp\/v2\/types\/page"}],"author":[{"embeddable":true,"href":"https:\/\/ngoclinhoptic.com\/en\/wp-json\/wp\/v2\/users\/1"}],"replies":[{"embeddable":true,"href":"https:\/\/ngoclinhoptic.com\/en\/wp-json\/wp\/v2\/comments?post=2942"}],"version-history":[{"count":5,"href":"https:\/\/ngoclinhoptic.com\/en\/wp-json\/wp\/v2\/pages\/2942\/revisions"}],"predecessor-version":[{"id":3033,"href":"https:\/\/ngoclinhoptic.com\/en\/wp-json\/wp\/v2\/pages\/2942\/revisions\/3033"}],"wp:attachment":[{"href":"https:\/\/ngoclinhoptic.com\/en\/wp-json\/wp\/v2\/media?parent=2942"}],"curies":[{"name":"wp","href":"https:\/\/api.w.org\/{rel}","templated":true}]}}